{"id":127,"date":"2025-04-17T11:37:59","date_gmt":"2025-04-17T09:37:59","guid":{"rendered":"https:\/\/soulsteam.de\/?post_type=product&#038;p=127"},"modified":"2025-04-17T13:20:10","modified_gmt":"2025-04-17T11:20:10","slug":"breathe-detox","status":"publish","type":"product","link":"https:\/\/soulsteam.de\/index.php\/produkt\/breathe-detox\/","title":{"rendered":"Breathe &#038; Detox \u2013 Botanical Facial Steam"},"content":{"rendered":"<p>Breathe &#038; Detox ist dein nat\u00fcrliches Kr\u00e4uterritual f\u00fcr mehr Frische, Klarheit und innere Ruhe.<br \/>\nDie handgemischte Komposition aus Pfefferminze, Salbei, Thymian und Ringelblume wirkt kl\u00e4rend, befreiend und belebend \u2013 f\u00fcr Gesicht<br \/>\nund Geist.<\/p>\n<p>\ud83d\udca8 Ideal bei Unreinheiten, Stress &#038; Erk\u00e4ltungsgef\u00fchlen<br \/>\n\ud83c\udf3f 100\u202f% nat\u00fcrliche Zutaten, plastikfrei verpackt<br \/>\n\ud83e\uddd8 Selfcare-Moment f\u00fcr zuhause<\/p>\n<p>Inhaltsstoffe (INCI):<br \/>\nMentha Piperita, Salvia Officinalis, Thymus Vulgaris, Eucalyptus Globulus, Calendula Officinalis<\/p>\n<p>Anwendung:<br \/>\n1\u20132 EL in eine Sch\u00fcssel mit hei\u00dfem Wasser geben. Gesicht 5\u201310 Minuten bedampfen. Augen geschlossen halten. Danach sanft trockentupfen.<\/p>\n","protected":false},"excerpt":{"rendered":"<p>Kl\u00e4rende Kr\u00e4utermischung f\u00fcr dein Gesichtsdampfbad \u2013 mit Pfefferminze, Salbei, Thymian und Ringelblume.<br \/>\nNat\u00fcrlich. Handgemacht. F\u00fcr dein Selfcare-Ritual.<\/p>\n","protected":false},"featured_media":128,"comment_status":"open","ping_status":"closed","template":"","meta":[],"product_brand":[],"product_cat":[39,38,40],"product_tag":[48,41,44,46,43,45,42,47],"class_list":{"0":"post-127","1":"product","2":"type-product","3":"status-publish","4":"has-post-thumbnail","6":"product_cat-botanical-facial-steams","7":"product_cat-gesichtspflege","8":"product_cat-kraeuter-rituale","9":"product_tag-beruhigend","10":"product_tag-detox","11":"product_tag-gesichtsdampf","12":"product_tag-handmade","13":"product_tag-kraeuterbad","14":"product_tag-natuerlich","15":"product_tag-selfcare","16":"product_tag-vegan","18":"first","19":"instock","20":"sale","21":"shipping-taxable","22":"purchasable","23":"product-type-simple"},"jetpack_sharing_enabled":true,"_links":{"self":[{"href":"https:\/\/soulsteam.de\/index.php\/wp-json\/wp\/v2\/product\/127","targetHints":{"allow":["GET"]}}],"collection":[{"href":"https:\/\/soulsteam.de\/index.php\/wp-json\/wp\/v2\/product"}],"about":[{"href":"https:\/\/soulsteam.de\/index.php\/wp-json\/wp\/v2\/types\/product"}],"replies":[{"embeddable":true,"href":"https:\/\/soulsteam.de\/index.php\/wp-json\/wp\/v2\/comments?post=127"}],"wp:featuredmedia":[{"embeddable":true,"href":"https:\/\/soulsteam.de\/index.php\/wp-json\/wp\/v2\/media\/128"}],"wp:attachment":[{"href":"https:\/\/soulsteam.de\/index.php\/wp-json\/wp\/v2\/media?parent=127"}],"wp:term":[{"taxonomy":"product_brand","embeddable":true,"href":"https:\/\/soulsteam.de\/index.php\/wp-json\/wp\/v2\/product_brand?post=127"},{"taxonomy":"product_cat","embeddable":true,"href":"https:\/\/soulsteam.de\/index.php\/wp-json\/wp\/v2\/product_cat?post=127"},{"taxonomy":"product_tag","embeddable":true,"href":"https:\/\/soulsteam.de\/index.php\/wp-json\/wp\/v2\/product_tag?post=127"}],"curies":[{"name":"wp","href":"https:\/\/api.w.org\/{rel}","templated":true}]}}